{"id":33,"date":"2020-03-22T17:59:12","date_gmt":"2020-03-22T16:59:12","guid":{"rendered":"http:\/\/m-and-a-company.com\/?page_id=33"},"modified":"2021-07-07T14:46:48","modified_gmt":"2021-07-07T13:46:48","slug":"branches","status":"publish","type":"page","link":"https:\/\/masarl.com\/?page_id=33","title":{"rendered":"Activities"},"content":{"rendered":"<p>[vc_row][vc_column][vc_column_text]<\/p>\n<p><strong><span style=\"text-decoration: underline;\">Transport<\/span><\/strong><\/p>\n\n<p>Les employ\u00e9s de la M&amp;A sont toujours orient\u00e9s aux exigences des clients et toute notre \u00e9quipe s&rsquo;efforce de r\u00e9pondre \u00e0 ces exigences.<br \/>Nous assurons un transport s\u00fbr, rapide et s\u00e9curitaire gr\u00e2ce \u00e0 notre flotte de v\u00e9hicules et nos \u00e9quipements.<\/p>\n\n<p>M&amp;A est un partenaire de transport et de logistique pour les entreprises qui appr\u00e9cient un service tr\u00e8s personnalis\u00e9 et individuel. La ponctualit\u00e9, la fiabilit\u00e9 et la s\u00e9curit\u00e9 sont des vertus \u00e9videntes pour le trafic de marchandises. Notre grande force est d&rsquo;offrir la meilleure solution pour chaque client.<\/p>\n\n<p><strong><span style=\"text-decoration: underline;\">Commerciale<\/span><\/strong><\/p>\n<br \/>\n<p><strong><span style=\"text-decoration: underline;\">Services<\/span><\/strong><\/p>\n<p><br \/>\u00a0<\/p>\n<p>[\/vc_column_text][\/vc_column][\/vc_row]<\/p>\n","protected":false},"excerpt":{"rendered":"<p>[vc_row][vc_column][vc_column_text] Transport Les employ\u00e9s de la M&amp;A sont toujours orient\u00e9s aux exigences des clients et toute notre \u00e9quipe s&rsquo;efforce de r\u00e9pondre \u00e0 ces exigences.Nous assurons un transport s\u00fbr, rapide et s\u00e9curitaire gr\u00e2ce \u00e0 notre flotte de v\u00e9hicules et nos \u00e9quipements. M&amp;A est un partenaire de transport et de logistique pour les entreprises qui appr\u00e9cient un &#8230;<\/p>\n","protected":false},"author":1,"featured_media":45,"parent":0,"menu_order":0,"comment_status":"closed","ping_status":"closed","template":"","meta":{"footnotes":""},"class_list":["post-33","page","type-page","status-publish","has-post-thumbnail","hentry"],"_links":{"self":[{"href":"https:\/\/masarl.com\/index.php?rest_route=\/wp\/v2\/pages\/33","targetHints":{"allow":["GET"]}}],"collection":[{"href":"https:\/\/masarl.com\/index.php?rest_route=\/wp\/v2\/pages"}],"about":[{"href":"https:\/\/masarl.com\/index.php?rest_route=\/wp\/v2\/types\/page"}],"author":[{"embeddable":true,"href":"https:\/\/masarl.com\/index.php?rest_route=\/wp\/v2\/users\/1"}],"replies":[{"embeddable":true,"href":"https:\/\/masarl.com\/index.php?rest_route=%2Fwp%2Fv2%2Fcomments&post=33"}],"version-history":[{"count":7,"href":"https:\/\/masarl.com\/index.php?rest_route=\/wp\/v2\/pages\/33\/revisions"}],"predecessor-version":[{"id":97,"href":"https:\/\/masarl.com\/index.php?rest_route=\/wp\/v2\/pages\/33\/revisions\/97"}],"wp:featuredmedia":[{"embeddable":true,"href":"https:\/\/masarl.com\/index.php?rest_route=\/wp\/v2\/media\/45"}],"wp:attachment":[{"href":"https:\/\/masarl.com\/index.php?rest_route=%2Fwp%2Fv2%2Fmedia&parent=33"}],"curies":[{"name":"wp","href":"https:\/\/api.w.org\/{rel}","templated":true}]}}