{"id":6,"date":"2020-03-21T21:32:52","date_gmt":"2020-03-21T20:32:52","guid":{"rendered":"http:\/\/m-and-a-company.com\/?page_id=6"},"modified":"2020-04-13T15:53:49","modified_gmt":"2020-04-13T14:53:49","slug":"qui-sommes-nous","status":"publish","type":"page","link":"https:\/\/masarl.com\/","title":{"rendered":"Qui sommes-nous ?"},"content":{"rendered":"\r\n<p>M&amp;A est une soci\u00e9t\u00e9 \u00e0 responsabilit\u00e9 limit\u00e9e bas\u00e9e \u00e0 Douala proposant des services dans diff\u00e9rents secteurs d&rsquo;activit\u00e9s.<\/p>\r\n\r\n\r\n\r\n<p>Nous travaillons dans le respect des obligations l\u00e9gales qui r\u00e9gissent notre profession, en apportant un service de qualit\u00e9, de conseil et d&rsquo;\u00e9coute afin de r\u00e9pondre au plus pr\u00e8s aux attentes de notre client\u00e8le. Notre exp\u00e9rience nous permet de b\u00e9n\u00e9ficier d&rsquo;une bonne connaissance des territoires couverts.<\/p>\r\n\r\n\r\n\r\n<p>La soci\u00e9t\u00e9 M&amp;A vous permettra de b\u00e9n\u00e9ficier des meilleures opportunit\u00e9s du march\u00e9, nos techniciens et gestionnaires seront \u00e0 vos c\u00f4t\u00e9s afin d\u2019analyser au mieux et satisfaire vos attentes.<\/p>\r\n\r\n\r\n\r\n<p>La soci\u00e9t\u00e9 M&amp;A est le fruit de <strong>l\u2019exp\u00e9rience<\/strong> d\u2019une \u00e9quipe et son responsable qui exerce dans plusieurs domaines , entre autre, le transport , le commerce et les services.<\/p>\r\n\r\n\r\n\r\n<p>Le devoir de l\u2019\u00e9quipe de M&amp;A est de contribuer \u00e0 <strong>votre rentabilit\u00e9, votre r\u00e9putation et \u00e0 votre enti\u00e8re satisfaction. <\/strong><\/p>\r\n\r\n\r\n\r\n<p>Notre qualit\u00e9 de service nous engage \u00e0 respecter nos promesses , nos paroles envers nos clients, tant pour le respect des ordres donn\u00e9s par ceux-ci (horaires, imp\u00e9ratifs\u2026) que pour le retour d\u2019informations.<\/p>\r\n\r\n\r\n\r\n<p>&nbsp;<\/p>\r\n","protected":false},"excerpt":{"rendered":"<p>M&amp;A est une soci\u00e9t\u00e9 \u00e0 responsabilit\u00e9 limit\u00e9e bas\u00e9e \u00e0 Douala proposant des services dans diff\u00e9rents secteurs d&rsquo;activit\u00e9s. Nous travaillons dans le respect des obligations l\u00e9gales qui r\u00e9gissent notre profession, en apportant un service de qualit\u00e9, de conseil et d&rsquo;\u00e9coute afin de r\u00e9pondre au plus pr\u00e8s aux attentes de notre client\u00e8le. Notre exp\u00e9rience nous permet de &#8230;<\/p>\n","protected":false},"author":1,"featured_media":0,"parent":0,"menu_order":0,"comment_status":"closed","ping_status":"closed","template":"","meta":{"footnotes":""},"class_list":["post-6","page","type-page","status-publish","hentry"],"_links":{"self":[{"href":"https:\/\/masarl.com\/index.php?rest_route=\/wp\/v2\/pages\/6","targetHints":{"allow":["GET"]}}],"collection":[{"href":"https:\/\/masarl.com\/index.php?rest_route=\/wp\/v2\/pages"}],"about":[{"href":"https:\/\/masarl.com\/index.php?rest_route=\/wp\/v2\/types\/page"}],"author":[{"embeddable":true,"href":"https:\/\/masarl.com\/index.php?rest_route=\/wp\/v2\/users\/1"}],"replies":[{"embeddable":true,"href":"https:\/\/masarl.com\/index.php?rest_route=%2Fwp%2Fv2%2Fcomments&post=6"}],"version-history":[{"count":10,"href":"https:\/\/masarl.com\/index.php?rest_route=\/wp\/v2\/pages\/6\/revisions"}],"predecessor-version":[{"id":81,"href":"https:\/\/masarl.com\/index.php?rest_route=\/wp\/v2\/pages\/6\/revisions\/81"}],"wp:attachment":[{"href":"https:\/\/masarl.com\/index.php?rest_route=%2Fwp%2Fv2%2Fmedia&parent=6"}],"curies":[{"name":"wp","href":"https:\/\/api.w.org\/{rel}","templated":true}]}}