{"id":61,"date":"2020-04-12T20:16:37","date_gmt":"2020-04-12T19:16:37","guid":{"rendered":"http:\/\/m-and-a-company.com\/?page_id=61"},"modified":"2020-04-13T15:40:46","modified_gmt":"2020-04-13T14:40:46","slug":"apporteur-daffaires","status":"publish","type":"page","link":"https:\/\/masarl.com\/?page_id=61","title":{"rendered":"Apporteur d\u2019affaires"},"content":{"rendered":"\n<p>R\u00e9ussir l&rsquo;investissement dans le march\u00e9 africain n\u00e9cessite la connaissance de sa complexit\u00e9 et de ses r\u00e9alit\u00e9s. Il faut toujours frapper \u00e0 la bonne porte et au bon moment.<\/p>\n\n\n\n<p>Une des fili\u00e8res de M&amp;A s&rsquo;occupe de la mise en relation des personnes ou entreprises pour qu\u2019elles concluent des op\u00e9rations de nature commerciale (c\u2019est-\u00e0-dire contrat de ventes, partenariat ou contrat de prestation de services \u2026).<\/p>\n\n\n\n<p><\/p>\n","protected":false},"excerpt":{"rendered":"<p>R\u00e9ussir l&rsquo;investissement dans le march\u00e9 africain n\u00e9cessite la connaissance de sa complexit\u00e9 et de ses r\u00e9alit\u00e9s. Il faut toujours frapper \u00e0 la bonne porte et au bon moment. Une des fili\u00e8res de M&amp;A s&rsquo;occupe de la mise en relation des personnes ou entreprises pour qu\u2019elles concluent des op\u00e9rations de nature commerciale (c\u2019est-\u00e0-dire contrat de ventes, &#8230;<\/p>\n","protected":false},"author":1,"featured_media":64,"parent":0,"menu_order":0,"comment_status":"closed","ping_status":"closed","template":"","meta":{"footnotes":""},"class_list":["post-61","page","type-page","status-publish","has-post-thumbnail","hentry"],"_links":{"self":[{"href":"https:\/\/masarl.com\/index.php?rest_route=\/wp\/v2\/pages\/61","targetHints":{"allow":["GET"]}}],"collection":[{"href":"https:\/\/masarl.com\/index.php?rest_route=\/wp\/v2\/pages"}],"about":[{"href":"https:\/\/masarl.com\/index.php?rest_route=\/wp\/v2\/types\/page"}],"author":[{"embeddable":true,"href":"https:\/\/masarl.com\/index.php?rest_route=\/wp\/v2\/users\/1"}],"replies":[{"embeddable":true,"href":"https:\/\/masarl.com\/index.php?rest_route=%2Fwp%2Fv2%2Fcomments&post=61"}],"version-history":[{"count":4,"href":"https:\/\/masarl.com\/index.php?rest_route=\/wp\/v2\/pages\/61\/revisions"}],"predecessor-version":[{"id":69,"href":"https:\/\/masarl.com\/index.php?rest_route=\/wp\/v2\/pages\/61\/revisions\/69"}],"wp:featuredmedia":[{"embeddable":true,"href":"https:\/\/masarl.com\/index.php?rest_route=\/wp\/v2\/media\/64"}],"wp:attachment":[{"href":"https:\/\/masarl.com\/index.php?rest_route=%2Fwp%2Fv2%2Fmedia&parent=61"}],"curies":[{"name":"wp","href":"https:\/\/api.w.org\/{rel}","templated":true}]}}